{"id":11,"date":"2026-02-01T14:07:35","date_gmt":"2026-02-01T19:07:35","guid":{"rendered":"https:\/\/www.nicaraguaexplorando.com\/?page_id=11"},"modified":"2026-02-04T14:55:25","modified_gmt":"2026-02-04T19:55:25","slug":"11-2","status":"publish","type":"page","link":"https:\/\/www.nicaraguaexplorando.com\/","title":{"rendered":"Home"},"content":{"rendered":"\n<div class=\"wp-block-group alignfull has-global-padding is-layout-constrained wp-container-core-group-is-layout-0c9c989a wp-block-group-is-layout-constrained\" style=\"min-height:0vh;margin-top:0;margin-bottom:0;padding-top:var(--wp--preset--spacing--70);padding-right:var(--wp--preset--spacing--40);padding-bottom:var(--wp--preset--spacing--70);padding-left:var(--wp--preset--spacing--40)\">\n<div class=\"wp-block-group has-global-padding is-layout-constrained wp-container-core-group-is-layout-346627ba wp-block-group-is-layout-constrained\">\n<h2 class=\"wp-block-heading has-text-align-center has-xx-large-font-size\" style=\"margin-right:0;margin-left:0;padding-right:0;padding-left:0\">Nicaragua Explorando<\/h2>\n\n\n\n<figure class=\"wp-block-image aligncenter size-full\"><img loading=\"lazy\" decoding=\"async\" width=\"163\" height=\"165\" src=\"https:\/\/www.nicaraguaexplorando.com\/wp-content\/uploads\/2026\/02\/image492-logo.jpg\" alt=\"\" class=\"wp-image-31\"\/><\/figure>\n\n\n\n<p class=\"has-text-align-center\">Visitez le <strong>NICARAGUA<\/strong> ou le <strong>COSTA RICA<\/strong> <br>avec un guide touristique francophone.<\/p>\n\n\n\n<div class=\"wp-block-buttons is-content-justification-center is-layout-flex wp-container-core-buttons-is-layout-a89b3969 wp-block-buttons-is-layout-flex\">\n<div class=\"wp-block-button\"><a class=\"wp-block-button__link wp-element-button\" href=\"https:\/\/www.nicaraguaexplorando.com\/index.php\/contact\/\">Contactez-nous!<\/a><\/div>\n<\/div>\n<\/div>\n<\/div>\n\n\n\n<p class=\"has-text-align-center\"><strong>Nous sommes \u00e0 refaire une beaut\u00e9 \u00e0 notre site, veuillez excuser pour les liens qui ne fonctionnent pas partout.<\/strong><\/p>\n\n\n\n<p><\/p>\n\n\n\n<div class=\"wp-block-group alignfull is-style-section-1 has-global-padding is-layout-constrained wp-block-group-is-layout-constrained is-style-section-1--1\" style=\"margin-top:0;margin-bottom:0;padding-top:var(--wp--preset--spacing--80);padding-bottom:var(--wp--preset--spacing--80)\">\n<div class=\"wp-block-columns alignwide is-layout-flex wp-container-core-columns-is-layout-66fad18a wp-block-columns-is-layout-flex\">\n<div class=\"wp-block-column is-layout-flow wp-block-column-is-layout-flow\" style=\"padding-right:var(--wp--preset--spacing--50);flex-basis:45%\">\n<figure class=\"wp-block-image size-full\"><img loading=\"lazy\" decoding=\"async\" width=\"1032\" height=\"581\" src=\"https:\/\/www.nicaraguaexplorando.com\/wp-content\/uploads\/2026\/02\/image663.jpg\" alt=\"\" class=\"wp-image-26\" srcset=\"https:\/\/www.nicaraguaexplorando.com\/wp-content\/uploads\/2026\/02\/image663.jpg 1032w, https:\/\/www.nicaraguaexplorando.com\/wp-content\/uploads\/2026\/02\/image663-300x169.jpg 300w, https:\/\/www.nicaraguaexplorando.com\/wp-content\/uploads\/2026\/02\/image663-1024x576.jpg 1024w, https:\/\/www.nicaraguaexplorando.com\/wp-content\/uploads\/2026\/02\/image663-768x432.jpg 768w\" sizes=\"auto, (max-width: 1032px) 100vw, 1032px\" \/><\/figure>\n\n\n\n<div class=\"wp-block-group has-global-padding is-layout-constrained wp-block-group-is-layout-constrained\" style=\"margin-top:-12vw\">\n<figure class=\"wp-block-image alignright size-full is-resized\" style=\"margin-right:-5vw;margin-left:-5vw\"><img loading=\"lazy\" decoding=\"async\" width=\"608\" height=\"486\" src=\"https:\/\/www.nicaraguaexplorando.com\/wp-content\/uploads\/2026\/02\/image104.jpg\" alt=\"\" class=\"wp-image-25\" style=\"width:202px\" srcset=\"https:\/\/www.nicaraguaexplorando.com\/wp-content\/uploads\/2026\/02\/image104.jpg 608w, https:\/\/www.nicaraguaexplorando.com\/wp-content\/uploads\/2026\/02\/image104-300x240.jpg 300w\" sizes=\"auto, (max-width: 608px) 100vw, 608px\" \/><\/figure>\n<\/div>\n<\/div>\n\n\n\n<div class=\"wp-block-column is-vertically-aligned-center is-layout-flow wp-block-column-is-layout-flow\" style=\"padding-right:0;padding-left:0;flex-basis:50%\">\n<div class=\"wp-block-group is-vertical is-layout-flex wp-container-core-group-is-layout-fe9cc265 wp-block-group-is-layout-flex\">\n<h2 class=\"wp-block-heading is-style-text-annotation is-style-text-annotation--2\">\u00c0 propos de nous<\/h2>\n<\/div>\n\n\n\n<p class=\"is-style-text-subtitle is-style-text-subtitle--3\"><strong>NICARAGUA EXPLORANDO<\/strong> est une petite agence touristique locale au Nicaragua compos\u00e9e de guides Nicaraguayens, qui pratiquent un tourisme durable, personnalis\u00e9, fiers de leur pays, de leur m\u00e9tier et de parler \u00ab<strong>FRAN\u00c7AIS<\/strong>\u00bb. Profitez d&rsquo;une exp\u00e9rience humaine de qualit\u00e9 en visitant le Nicaragua avec l&rsquo;un de nos guides ou collaborateurs.<\/p>\n\n\n\n<p class=\"is-style-text-subtitle is-style-text-subtitle--4\">Nous pouvons aussi vous accompagner au \u00abCOSTA RICA\u00bb si vous souhaitez ajouter la d\u00e9couverte de ce pays \u00e0 votre voyage de r\u00eave en Am\u00e9rique Centrale.<\/p>\n<\/div>\n<\/div>\n<\/div>\n\n\n\n<div class=\"wp-block-group alignfull is-style-section-1 has-accent-1-background-color has-background has-global-padding is-layout-constrained wp-block-group-is-layout-constrained is-style-section-1--5\" style=\"margin-top:0;margin-bottom:0;padding-top:var(--wp--preset--spacing--80);padding-bottom:var(--wp--preset--spacing--80)\">\n<p><strong>LES DIX (10) RAISONS POUR ALLER VISITER LE NICARAGUA <\/strong><\/p>\n\n\n\n<div class=\"wp-block-columns alignwide is-layout-flex wp-container-core-columns-is-layout-66fad18a wp-block-columns-is-layout-flex\">\n<div class=\"wp-block-column is-layout-flow wp-block-column-is-layout-flow\" style=\"padding-right:var(--wp--preset--spacing--50);flex-basis:45%\">\n<p class=\"is-style-default\">1.\u2060 \u2060S&rsquo;\u00e9merveiller de l&rsquo;architecture de villes coloniales de plus de 500 ans, vestige de l&rsquo;\u00e9poque coloniale Espagnole.<br><\/p>\n\n\n\n<p class=\"is-style-default\">2.\u2060 \u2060D\u00e9couvrir une nature et une faune exotiques d&rsquo;une tr\u00e8s grande biodiversit\u00e9.<br><\/p>\n\n\n\n<p class=\"is-style-default\">3.\u2060 \u2060Sentir la puissance de volcans actifs.<br><\/p>\n\n\n\n<p class=\"is-style-default\">4.\u2060 \u2060Se pr\u00e9lasser ou surfer sur des plages du Sud et ses vagues.<br><\/p>\n\n\n\n<p class=\"is-style-default\">5.\u2060 \u2060D\u00e9couvrir Ometepe, la plus grande \u00eele du monde sur un immense lac d&rsquo;eau douce avec deux volcans.<\/p>\n\n\n\n<div class=\"wp-block-group has-global-padding is-layout-constrained wp-block-group-is-layout-constrained\" style=\"margin-top:-12vw\"><\/div>\n<\/div>\n\n\n\n<div class=\"wp-block-column is-vertically-aligned-center is-layout-flow wp-block-column-is-layout-flow\" style=\"padding-right:0;padding-left:0;flex-basis:50%\">\n<div class=\"wp-block-group is-vertical is-layout-flex wp-container-core-group-is-layout-fe9cc265 wp-block-group-is-layout-flex\">\n<p>6.\u2060 \u2060Se laisser bercer par le rythme de la c\u00f4te Cara\u00efb\u00e9enne et des Iles de Corn Island.<br><\/p>\n\n\n\n<p>7.\u2060 \u2060La qualit\u00e9 de ses installations touristiques.<br><\/p>\n\n\n\n<p>8.\u2060 \u2060Ressentir la gentillesse et l&rsquo;accueil de sa population, loin des hordes de touristes.<br><\/p>\n\n\n\n<p>9.\u2060 \u2060Voyager dans le pays le plus s\u00e9curitaire de l&rsquo;Am\u00e9rique Centrale.<br><\/p>\n\n\n\n<p>10.\u2060 \u2060Visiter une des destinations touristiques LA PLUS \u00c9CONOMIQUE DU MONDE (r\u00e9f. HelloSafe, octobre 2024).<\/p>\n<\/div>\n<\/div>\n<\/div>\n<\/div>\n\n\n\n<div class=\"wp-block-group alignfull has-global-padding is-layout-constrained wp-container-core-group-is-layout-ebee8dc1 wp-block-group-is-layout-constrained\" style=\"margin-top:0;margin-bottom:0;padding-top:var(--wp--preset--spacing--50);padding-bottom:var(--wp--preset--spacing--50)\">\n<h2 class=\"wp-block-heading alignwide\">Nos services<\/h2>\n\n\n\n<div class=\"wp-block-columns alignwide is-layout-flex wp-container-core-columns-is-layout-28f84493 wp-block-columns-is-layout-flex\">\n<div class=\"wp-block-column is-layout-flow wp-block-column-is-layout-flow\">\n<figure class=\"wp-block-image size-full\" style=\"margin-bottom:24px\"><a href=\"https:\/\/www.nicaraguaexplorando.com\/index.php\/preparation-ditineraires\/\"><img loading=\"lazy\" decoding=\"async\" width=\"813\" height=\"626\" src=\"https:\/\/www.nicaraguaexplorando.com\/wp-content\/uploads\/2026\/02\/image491.jpg\" alt=\"\" class=\"wp-image-30\" style=\"aspect-ratio:4\/3;object-fit:cover\" srcset=\"https:\/\/www.nicaraguaexplorando.com\/wp-content\/uploads\/2026\/02\/image491.jpg 813w, https:\/\/www.nicaraguaexplorando.com\/wp-content\/uploads\/2026\/02\/image491-300x231.jpg 300w, https:\/\/www.nicaraguaexplorando.com\/wp-content\/uploads\/2026\/02\/image491-768x591.jpg 768w\" sizes=\"auto, (max-width: 813px) 100vw, 813px\" \/><\/a><\/figure>\n\n\n\n<h3 class=\"wp-block-heading\">Pr\u00e9paration d&rsquo;itin\u00e9raires<\/h3>\n\n\n\n<p class=\"has-medium-font-size\">Nous pouvons vous aider \u00e0 pr\u00e9parer un itin\u00e9raire, trouver vos lieux de g\u00eetes et vos moyens de transport afin de vous permettre de tirer le maximum de votre voyage.<\/p>\n<\/div>\n\n\n\n<div class=\"wp-block-column is-layout-flow wp-block-column-is-layout-flow\">\n<figure class=\"wp-block-image size-full\" style=\"margin-bottom:24px\"><a href=\"https:\/\/www.nicaraguaexplorando.com\/index.php\/accompagnement\/\"><img loading=\"lazy\" decoding=\"async\" width=\"660\" height=\"437\" src=\"https:\/\/www.nicaraguaexplorando.com\/wp-content\/uploads\/2026\/02\/image416.jpg\" alt=\"\" class=\"wp-image-32\" style=\"aspect-ratio:4\/3;object-fit:cover\" srcset=\"https:\/\/www.nicaraguaexplorando.com\/wp-content\/uploads\/2026\/02\/image416.jpg 660w, https:\/\/www.nicaraguaexplorando.com\/wp-content\/uploads\/2026\/02\/image416-300x199.jpg 300w\" sizes=\"auto, (max-width: 660px) 100vw, 660px\" \/><\/a><\/figure>\n\n\n\n<h3 class=\"wp-block-heading\">Accompagnement <\/h3>\n\n\n\n<p class=\"has-medium-font-size\">Nous pouvons \u00eatre \u00e0 vos c\u00f4t\u00e9s pour vous guider en FRAN\u00c7AIS tout le long de votre voyage ou seulement pour seulement une partie.<\/p>\n<\/div>\n\n\n\n<div class=\"wp-block-column is-layout-flow wp-block-column-is-layout-flow\">\n<figure class=\"wp-block-image size-full is-resized\" style=\"margin-bottom:24px\"><a href=\"https:\/\/www.nicaraguaexplorando.com\/index.php\/ameliorez-votre-espagnol\/\"><img loading=\"lazy\" decoding=\"async\" width=\"225\" height=\"225\" src=\"https:\/\/www.nicaraguaexplorando.com\/wp-content\/uploads\/2026\/02\/image393.jpg\" alt=\"\" class=\"wp-image-33\" style=\"aspect-ratio:1.3333333333333333;object-fit:cover;width:413px;height:auto\" srcset=\"https:\/\/www.nicaraguaexplorando.com\/wp-content\/uploads\/2026\/02\/image393.jpg 225w, https:\/\/www.nicaraguaexplorando.com\/wp-content\/uploads\/2026\/02\/image393-150x150.jpg 150w\" sizes=\"auto, (max-width: 225px) 100vw, 225px\" \/><\/a><\/figure>\n\n\n\n<h3 class=\"wp-block-heading\">Am\u00e9liorez votre espagnol<\/h3>\n\n\n\n<p class=\"has-medium-font-size\">Nos guides peuvent vous donner des cours pour apprendre les rudiments de l&rsquo;espagnol \u00e0 distance avant votre voyage ou pendant votre s\u00e9jour.<\/p>\n<\/div>\n<\/div>\n<\/div>\n\n\n\n<p><\/p>\n","protected":false},"excerpt":{"rendered":"<p>Nicaragua Explorando Visitez le NICARAGUA ou le COSTA RICA avec un guide touristique francophone. Nous sommes \u00e0 refaire une beaut\u00e9 \u00e0 notre site, veuillez excuser pour les liens qui ne fonctionnent pas partout. \u00c0 propos de nous NICARAGUA EXPLORANDO est une petite agence touristique locale au Nicaragua compos\u00e9e de guides Nicaraguayens, qui pratiquent un tourisme [&hellip;]<\/p>\n","protected":false},"author":2,"featured_media":0,"parent":0,"menu_order":0,"comment_status":"closed","ping_status":"closed","template":"page-no-title","meta":{"slim_seo":{"title":"NICARAGUA EXPLORANDO - Visitez en fran\u00e7ais","description":"Nicaragua Explorando Visitez le NICARAGUA ou le COSTA RICA avec un guide touristique francophone. Nous sommes \u00e0 refaire une beaut\u00e9 \u00e0 notre site, veuillez excuse"},"footnotes":""},"class_list":["post-11","page","type-page","status-publish","hentry"],"_links":{"self":[{"href":"https:\/\/www.nicaraguaexplorando.com\/index.php\/wp-json\/wp\/v2\/pages\/11","targetHints":{"allow":["GET"]}}],"collection":[{"href":"https:\/\/www.nicaraguaexplorando.com\/index.php\/wp-json\/wp\/v2\/pages"}],"about":[{"href":"https:\/\/www.nicaraguaexplorando.com\/index.php\/wp-json\/wp\/v2\/types\/page"}],"author":[{"embeddable":true,"href":"https:\/\/www.nicaraguaexplorando.com\/index.php\/wp-json\/wp\/v2\/users\/2"}],"replies":[{"embeddable":true,"href":"https:\/\/www.nicaraguaexplorando.com\/index.php\/wp-json\/wp\/v2\/comments?post=11"}],"version-history":[{"count":34,"href":"https:\/\/www.nicaraguaexplorando.com\/index.php\/wp-json\/wp\/v2\/pages\/11\/revisions"}],"predecessor-version":[{"id":170,"href":"https:\/\/www.nicaraguaexplorando.com\/index.php\/wp-json\/wp\/v2\/pages\/11\/revisions\/170"}],"wp:attachment":[{"href":"https:\/\/www.nicaraguaexplorando.com\/index.php\/wp-json\/wp\/v2\/media?parent=11"}],"curies":[{"name":"wp","href":"https:\/\/api.w.org\/{rel}","templated":true}]}}