{"id":73,"date":"2026-02-01T20:49:47","date_gmt":"2026-02-02T01:49:47","guid":{"rendered":"https:\/\/www.nicaraguaexplorando.com\/?page_id=73"},"modified":"2026-02-04T14:23:53","modified_gmt":"2026-02-04T19:23:53","slug":"preparation-ditineraires","status":"publish","type":"page","link":"https:\/\/www.nicaraguaexplorando.com\/index.php\/preparation-ditineraires\/","title":{"rendered":"Pr\u00e9paration d&rsquo;itin\u00e9raires"},"content":{"rendered":"\n<figure class=\"wp-block-image aligncenter size-medium\"><img loading=\"lazy\" decoding=\"async\" width=\"300\" height=\"240\" src=\"https:\/\/www.nicaraguaexplorando.com\/wp-content\/uploads\/2026\/02\/image104-1-300x240.jpg\" alt=\"\" class=\"wp-image-164\" srcset=\"https:\/\/www.nicaraguaexplorando.com\/wp-content\/uploads\/2026\/02\/image104-1-300x240.jpg 300w, https:\/\/www.nicaraguaexplorando.com\/wp-content\/uploads\/2026\/02\/image104-1.jpg 608w\" sizes=\"auto, (max-width: 300px) 100vw, 300px\" \/><\/figure>\n\n\n\n<p>Pendant votre s\u00e9jour, nous pouvons vous offrir des niveaux diff\u00e9rents d&rsquo;accompagnement !<br>Nous avons un mod\u00e8le d&rsquo;affaire innovateur. Que vous soyez seul, en couple, en famille ou entre amis, nous pouvons vous offrir plusieurs types d&rsquo;accompagnement, selon vos besoins. Et payez seulement ce que vous utilisez. Par exemple :<\/p>\n\n\n\n<hr class=\"wp-block-separator has-alpha-channel-opacity\"\/>\n\n\n\n<p><strong>VOUS PR\u00c9PARER SEULEMENT UN ITIN\u00c9RAIRE PERSONNALIS\u00c9 ET VOUS PARCOUREZ LE PAYS EN MODE AUTONOME<\/strong><\/p>\n\n\n\n<p>Vous \u00eates un voyageur exp\u00e9riment\u00e9, vous voulez \u00eatre autonome pendant votre voyage au Nicaragua ou au Costa Rica et vous parlez Espagnol. Nicaragua Explorando peut vous aider. Selon vos int\u00e9r\u00eats, \u00e0 partir de 30 U$, nous pouvons vous soumettre un itin\u00e9raire, vous aider dans les choix de vos moyens de transport et de vos lieux de g\u00eetes. Et vous aider \u00e0 faire vos r\u00e9servations! Nous connaissons notre pays et o\u00f9 aller (et o\u00f9 ne pas aller!). Par la suite, partez seul \u00e0 l\u2019aventure, en d\u00e9couvrant le Nicaragua ou le Costa Rica \u00e0 votre rythme, tout en ayant l\u2019esprit tranquille.<\/p>\n\n\n\n<p><strong>CHOISIR \u00ab\u00c0 LA CARTE\u00bb UNE OU PLUSIEURS DE NOS EXCURSIONS PENDANT VOTRE S\u00c9JOUR<\/strong><\/p>\n\n\n\n<p>Pendant votre s\u00e9jour autonome au Nicaragua ou au Costa Rica, vous voulez \u00eatre certain de pouvoir profiter du meilleur pour une ou plusieurs de nos excursions journali\u00e8res. N\u2019h\u00e9sitez pas \u00e0 faire appel \u00e0 nous. Pour quelques dollars, vous ou votre groupe pourront b\u00e9n\u00e9ficier de notre expertise en \u00e9tant votre guide et profiter du meilleur de notre pays et de l&rsquo;excursion choisie. Nous offrons une grande vari\u00e9t\u00e9 de visites et d&rsquo;activit\u00e9s diff\u00e9rentes. Et nous savons nous adapter!<\/p>\n\n\n\n<p><strong>LA TOTALE : \u00caTRE ACCOMPAGN\u00c9 PENDANT TOUT VOTRE S\u00c9JOUR<\/strong><\/p>\n\n\n\n<p>Vous \u00eates un voyageur qui souhaitez d\u00e9couvrir un pays magnifique comme le Nicaragua ou le Costa Rica avec un accompagnateur parlant FRAN\u00c7AIS. De votre arriv\u00e9e jusqu\u2019\u00e0 votre d\u00e9part! Nicaragua Explorando peut vous accompagner pendant tout votre voyage. Et nos honoraires de 60 U$ par journ\u00e9e d&rsquo;accompagnement (70 U$ pour le Costa Rica) sont \u00e9conomiques sur les co\u00fbts totaux de votre voyage. Avec ce choix, la pr\u00e9paration de votre voyage, selon vos int\u00e9r\u00eats (nous avons plusieurs th\u00e9matiques de voyage), sera SANS FRAIS SUPPL\u00c9MENTAIRE et nous vous aiderons pour les r\u00e9servations de vos transports et de vos lieux de g\u00eetes. Vous pourrez b\u00e9n\u00e9ficier alors, avec notre aide, des meilleurs tarifs (en \u00e9vitant les pi\u00e8ges et les surprimes de certains fournisseurs pour les touristes). Vous n\u2019aurez qu\u2019\u00e0 vous \u00e9merveiller, en s\u00e9curit\u00e9, de vos d\u00e9couvertes dans un pays de r\u00eave avec un guide parlant Fran\u00e7ais et Espagnol pendant votre voyage.<\/p>\n","protected":false},"excerpt":{"rendered":"<p>Pendant votre s\u00e9jour, nous pouvons vous offrir des niveaux diff\u00e9rents d&rsquo;accompagnement !Nous avons un mod\u00e8le d&rsquo;affaire innovateur. Que vous soyez seul, en couple, en famille ou entre amis, nous pouvons vous offrir plusieurs types d&rsquo;accompagnement, selon vos besoins. Et payez seulement ce que vous utilisez. Par exemple : VOUS PR\u00c9PARER SEULEMENT UN ITIN\u00c9RAIRE PERSONNALIS\u00c9 ET [&hellip;]<\/p>\n","protected":false},"author":2,"featured_media":0,"parent":0,"menu_order":0,"comment_status":"closed","ping_status":"closed","template":"","meta":{"slim_seo":{"title":"Pr\u00e9paration d'itin\u00e9raires - NICARAGUA EXPLORANDO","description":"Pendant votre s\u00e9jour, nous pouvons vous offrir des niveaux diff\u00e9rents d'accompagnement ! Nous avons un mod\u00e8le d'affaire innovateur. Que vous soyez seul, en coup"},"footnotes":""},"class_list":["post-73","page","type-page","status-publish","hentry"],"_links":{"self":[{"href":"https:\/\/www.nicaraguaexplorando.com\/index.php\/wp-json\/wp\/v2\/pages\/73","targetHints":{"allow":["GET"]}}],"collection":[{"href":"https:\/\/www.nicaraguaexplorando.com\/index.php\/wp-json\/wp\/v2\/pages"}],"about":[{"href":"https:\/\/www.nicaraguaexplorando.com\/index.php\/wp-json\/wp\/v2\/types\/page"}],"author":[{"embeddable":true,"href":"https:\/\/www.nicaraguaexplorando.com\/index.php\/wp-json\/wp\/v2\/users\/2"}],"replies":[{"embeddable":true,"href":"https:\/\/www.nicaraguaexplorando.com\/index.php\/wp-json\/wp\/v2\/comments?post=73"}],"version-history":[{"count":7,"href":"https:\/\/www.nicaraguaexplorando.com\/index.php\/wp-json\/wp\/v2\/pages\/73\/revisions"}],"predecessor-version":[{"id":166,"href":"https:\/\/www.nicaraguaexplorando.com\/index.php\/wp-json\/wp\/v2\/pages\/73\/revisions\/166"}],"wp:attachment":[{"href":"https:\/\/www.nicaraguaexplorando.com\/index.php\/wp-json\/wp\/v2\/media?parent=73"}],"curies":[{"name":"wp","href":"https:\/\/api.w.org\/{rel}","templated":true}]}}